{"id":548,"date":"2023-08-19T15:32:46","date_gmt":"2023-08-19T13:32:46","guid":{"rendered":"https:\/\/biodiversity-alliance.be\/?page_id=548"},"modified":"2024-05-17T11:07:53","modified_gmt":"2024-05-17T09:07:53","slug":"politique-de-confidentialite-frog","status":"publish","type":"page","link":"https:\/\/biodiversity-alliance.be\/nl\/politique-de-confidentialite-frog\/","title":{"rendered":"Privacy Policy FROG"},"content":{"rendered":"<p>[et_pb_section fb_built=&#8221;1&#8243; admin_label=&#8221;section&#8221; _builder_version=&#8221;4.16&#8243; global_colors_info=&#8221;{}&#8221;][et_pb_row admin_label=&#8221;row&#8221; _builder_version=&#8221;4.16&#8243; background_size=&#8221;initial&#8221; background_position=&#8221;top_left&#8221; background_repeat=&#8221;repeat&#8221; global_colors_info=&#8221;{}&#8221; theme_builder_area=&#8221;post_content&#8221;][et_pb_column type=&#8221;4_4&#8243; _builder_version=&#8221;4.16&#8243; custom_padding=&#8221;|||&#8221; global_colors_info=&#8221;{}&#8221; custom_padding__hover=&#8221;|||&#8221; theme_builder_area=&#8221;post_content&#8221;][et_pb_text admin_label=&#8221;Text&#8221; _builder_version=&#8221;4.22.1&#8243; header_text_color=&#8221;#005866&#8243; background_size=&#8221;initial&#8221; background_position=&#8221;top_left&#8221; background_repeat=&#8221;repeat&#8221; global_colors_info=&#8221;{}&#8221; theme_builder_area=&#8221;post_content&#8221;]<\/p>\n<p style=\"text-align: justify;\">Bruxelles, le 14 ao\u00fbt 2023<\/p>\n<p style=\"text-align: justify;\">La pr\u00e9sente politique de confidentialit\u00e9 d\u00e9finit nos mesures concernant les informations que nous recueillons \u00e0 votre sujet directement ou indirectement (ci-apr\u00e8s les \u00ab donn\u00e9es personnelles \u00bb), l\u2019utilisation que nous en faisons et \u00e0 qui nous les communiquons. Elle d\u00e9finit \u00e9galement vos droits \u00e0 l\u2019\u00e9gard de vos donn\u00e9es personnelles et vous pr\u00e9cise qui contacter pour plus d\u2019informations ou pour exercer vos droits.<\/p>\n<h3 style=\"text-align: justify;\">1. \u00c0 qui s\u2019applique cette politique de protection des donn\u00e9es personnelles et quel est son contenu ?<\/h3>\n<p style=\"text-align: justify;\">Cette politique de protection des donn\u00e9es personnelles s\u2019applique \u00e0 <b>Belgian Biodiversity Alliance<\/b>.<br \/>\nNous nous engageons \u00e0 mettre en \u0153uvre l\u2019ensemble des mesures appropri\u00e9es pour prot\u00e9ger vos donn\u00e9es personnelles et \u00e0 les traiter de mani\u00e8re licite, loyale et transparente.<br \/>\nCette politique de confidentialit\u00e9 fait \u00e9tat de la fa\u00e7on dont nous les collectons, traitons, stockons et prot\u00e9geons lorsque :<\/p>\n<ul style=\"text-align: justify;\">\n<li>nous vous fournissons nos produits et\/ou services;<\/li>\n<li>vous utilisez notre site Web ;<\/li>\n<li>il est effectu\u00e9 toute autre op\u00e9ration relevant de nos offres ou propositions en termes de services.<\/li>\n<\/ul>\n<p style=\"text-align: justify;\">Lorsque nous faisons r\u00e9f\u00e9rence \u00e0 \u00ab notre site Web \u00bb ou \u00ab ce site Web \u00bb dans le cadre des pr\u00e9sentes, nous entendons faire r\u00e9f\u00e9rence aux pages sp\u00e9cifiques de notre site Web accessible \u00e0 l&#8217;adresse suivante : <b><a href=\"https:\/\/biodiversity-alliance.be\">https:\/\/biodiversity-alliance.be<\/a><\/b>.<\/p>\n<p style=\"text-align: justify;\">Cette politique de confidentialit\u00e9 contient \u00e9galement des informations concernant la communication de vos donn\u00e9es personnelles \u00e0 des tierces parties (par exemple, nos fournisseurs de produits ou services).<\/p>\n<p style=\"text-align: justify;\">Lorsque nous faisons \u00e9tat du traitement, de la collecte, de la protection et du stockage de vos donn\u00e9es personnelles, nous pouvons \u00e9galement faire r\u00e9f\u00e9rence, de mani\u00e8re indistincte au \u00ab traitement \u00bb de ces donn\u00e9es personnelles.<\/p>\n<h3 style=\"text-align: justify;\">2. Les donn\u00e9es personnelles que nous collectons<\/h3>\n<p style=\"text-align: justify;\">Dans le cadre des produits et services que nous vous fournissons (ou selon le cas, lors de nos \u00e9changes pr\u00e9contractuels concernant les produit et services que nous pourrions fournir), nous pouvons \u00eatre amen\u00e9s \u00e0 solliciter la collecte et obtenir des donn\u00e9es personnelles vous concernant. Nous pouvons \u00e9galement collecter certaines de vos donn\u00e9es personnelles lorsque vous utilisez notre site Web.<\/p>\n<p style=\"text-align: justify;\">Nous pouvons ainsi \u00eatre amen\u00e9s \u00e0 collecter et obtenir des donn\u00e9es personnelles parce que vous nous les communiquez (par exemple dans le cadre d\u2019un formulaire sur notre site Web), ou bien et selon le cas, parce que d&#8217;autres personnes nous les fournissent (par exemple des fournisseurs de produits ou services que nous utilisons pour les besoins de nos activit\u00e9s) ou parce qu&#8217;il s\u2019agit de donn\u00e9es dans le domaine public.<\/p>\n<p style=\"text-align: justify;\">Nous pouvons \u00e9galement \u00eatre amen\u00e9s \u00e0 collecter et obtenir directement ou indirectement des donn\u00e9es personnelles vous concernant, \u00e0 la suite de l\u2019analyse de votre comportement lorsque vous interagissez avec nous ou d&#8217;autres personnes. Par exemple, afin d\u2019am\u00e9liorer votre exp\u00e9rience en qualit\u00e9 de visiteur lorsque vous utilisez le site Web et vous assurer un bon fonctionnement du service Web, nous pouvons (ou selon le cas, nos fournisseurs de services) utiliser des cookies (petits fichiers texte stock\u00e9s dans le navigateur de l&#8217;utilisateur) ainsi que des balises Web susceptibles de collecter des donn\u00e9es personnelles. Des informations et renseignements compl\u00e9mentaires sur la fa\u00e7on dont nous utilisons les cookies ainsi que d&#8217;autres traceurs et la mani\u00e8re dont vous pouvez les contr\u00f4ler sont disponibles dans notre politique sur les cookies : <b><a href=\"https:\/\/biodiversity-alliance.be\/politique-de-cookies-ue\">https:\/\/biodiversity-alliance.be\/politique-de-cookies-ue<\/a><\/b>.<\/p>\n<p style=\"text-align: justify;\">Les donn\u00e9es personnelles que nous collectons ou obtenons directement ou indirectement, soit lorsque nous vous fournissons des produits et services, soit lorsque vous utilisez notre site Web, soit plus g\u00e9n\u00e9ralement lors de toutes autres op\u00e9rations susceptibles de relever de nos offres en termes de produits et services peuvent inclure, notamment, votre nom, votre \u00e2ge, votre date de naissance, votre sexe, votre adresse courriel, l\u2019adresse de votre domicile, votre pays de r\u00e9sidence, vos diffusions sur les blogs, forums, wikis et autres applications ou services de m\u00e9dias sociaux auxquels nous fournissons l\u2019acc\u00e8s, votre adresse IP, le type et la langue de votre navigateur.<\/p>\n<p style=\"text-align: justify;\">Les donn\u00e9es personnelles que nous collectons ou obtenons directement ou indirectement, soit lorsque nous vous fournissons des produits et services, soit lorsque vous utilisez notre site Web, soit plus g\u00e9n\u00e9ralement lors de toutes autres op\u00e9rations susceptibles de relever de nos offres en termes de produits et services peuvent \u00e9galement inclure des \u00ab cat\u00e9gories particuli\u00e8res de donn\u00e9es ou \u00ab donn\u00e9es sensibles \u00bb, telles que des informations ou des renseignements sur votre r\u00e9gime alimentaire, ou sur votre sant\u00e9 ou bien encore votre orientation sexuelle (par exemple si vous nous fournissez les coordonn\u00e9es de votre conjoint ou de votre partenaire). Les cat\u00e9gories de donn\u00e9es personnelles ou selon le cas les cat\u00e9gories particuli\u00e8res de donn\u00e9es personnelles que nous pouvons \u00eatre amen\u00e9s \u00e0 collecter ou obtenir directement ou indirectement, peuvent varier en fonction de la nature des services que nous vous fournissons ou que nous fournissons \u00e0 nos clients, ou de la fa\u00e7on dont vous utilisez notre site Web. Dans de rares cas, nous pourrions \u00e9galement \u00eatre amen\u00e9s \u00e0 collecter d&#8217;autres cat\u00e9gories de donn\u00e9es personnelles \u00e0 votre sujet, car vous nous les fournissez volontairement<\/p>\n<p style=\"text-align: justify;\">Lorsqu\u2019il apparaitrait n\u00e9cessaire pour nous de collecter ou d\u2019utiliser des cat\u00e9gories particuli\u00e8res de donn\u00e9es personnelles (\u00ab donn\u00e9es sensibles \u00bb), nous vous demanderions d\u2019y consentir express\u00e9ment.<br \/>\nNous comprenons l\u2019importance de prot\u00e9ger la vie priv\u00e9e des mineurs. Notre site Web et nos services ne sont pas con\u00e7us pour les mineurs de 15 ans ou moins et ne leur sont pas destin\u00e9s. Notre politique ne vise pas \u00e0 collecter ou \u00e0 conserver intentionnellement les donn\u00e9es personnelles de personnes mineures.<\/p>\n<h3 style=\"text-align: justify;\">3. L\u2019utilisation que nous faisons de vos donn\u00e9es personnelles<\/h3>\n<h4 style=\"text-align: justify;\">L\u2019utilisation des donn\u00e9es personnelles pour fournir des produits et services \u00e0 nos clients<\/h4>\n<p style=\"text-align: justify;\">Nous utiliserons vos donn\u00e9es personnelles pour la fourniture de nos produits et services. Dans ce cadre, nous pouvons \u00eatre amen\u00e9s \u00e0 utiliser vos donn\u00e9es personnelles pour les besoins des \u00e9changes relatifs \u00e0 nos services ou de la gestion, de l\u2019envoi et du suivi des commandes de nos produits. Ces \u00e9changes peuvent intervenir avec vous, nos fournisseurs de produits et services ou bien encore les autorit\u00e9s comp\u00e9tentes.<\/p>\n<h4 style=\"text-align: justify;\">Utilisation de donn\u00e9es personnelles pour d\u2019autres op\u00e9rations relevant de nos activit\u00e9s professionnelles et commerciales<\/h4>\n<p style=\"text-align: justify;\">Nous pouvons \u00e9galement \u00eatre amen\u00e9s \u00e0 utiliser vos donn\u00e9es personnelles aux fins ou en relation avec les autres op\u00e9rations li\u00e9es \u00e0 :<\/p>\n<ul>\n<li style=\"text-align: justify;\">l\u2019ouverture de compte(s) client(s) ou pour toute autre finalit\u00e9 administrative ;<\/li>\n<li style=\"text-align: justify;\">la gestion comptable et financi\u00e8re, y compris la facturation de nos produits et\/ou services ;<\/li>\n<li style=\"text-align: justify;\">l\u2019analyse et la gestion des risques;<\/li>\n<li style=\"text-align: justify;\">la gestion de la relation d\u2019affaires, ce qui peut impliquer: (i) l&#8217;envoi d&#8217;informations ou de renseignements sur nos produits ou services susceptibles de vous int\u00e9resser; (ii) l\u2019envoi d\u2019\u00e9chantillons ou d\u2019offre de produits ou services \u00e0 des conditions ; (iii) l\u2019envoi d\u2019un message afin de recueillir votre avis et appr\u00e9ciation sur nos produits ou nos services; ou selon le cas (iiii) vous contacter pour d&#8217;autres finalit\u00e9s professionnelles, commerciales ou autres ;<\/li>\n<li style=\"text-align: justify;\">l\u2019administration et le support des outils informatiques utilis\u00e9s dans le cadre de nos activit\u00e9s (la messagerie \u00e9lectronique, les outils d\u00e9di\u00e9s aux m\u00e9tiers telles que les applications support) ;<\/li>\n<li style=\"text-align: justify;\">l\u2019h\u00e9bergement et la maintenance de nos outils informatiques et l\u2019archivage;<\/li>\n<li style=\"text-align: justify;\">aux services professionnels qui peuvent nous \u00eatre fournis par nos propres experts ou conseils, tels que des avocats, comptables ou consultants ;<\/li>\n<li style=\"text-align: justify;\">la protection de nos droits.<\/li>\n<\/ul>\n<h4 style=\"text-align: justify;\">Utilisation de donn\u00e9es personnelles collect\u00e9es via notre site Web<\/h4>\n<p style=\"text-align: justify;\">En plus des op\u00e9rations pr\u00e9cit\u00e9es, nous pouvons aussi \u00eatre amen\u00e9s \u00e0 collecter vos donn\u00e9es personnelles via notre site Web :<\/p>\n<ul>\n<li style=\"text-align: justify;\">pour g\u00e9rer et am\u00e9liorer ce site Web;<\/li>\n<li style=\"text-align: justify;\">pour adapter le contenu de ce site Web afin que votre exp\u00e9rience soit plus personnalis\u00e9e, et attirer votre attention sur nos produits ou services pouvant vous int\u00e9resser;<\/li>\n<li style=\"text-align: justify;\">pour g\u00e9rer vos demandes transmises par ce site et y r\u00e9pondre.<\/li>\n<\/ul>\n<h3 style=\"text-align: justify;\">4. Le fondement juridique sur lequel nous nous basons pour le traitement des donn\u00e9es personnelles<\/h3>\n<p style=\"text-align: justify;\">Nous sommes tenus par la loi d&#8217;exposer dans cette politique de confidentialit\u00e9 le fondement juridique sur lequel nous nous basons pour le traitement des donn\u00e9es.<br \/>\nNous utilisons vos donn\u00e9es personnelles pour les finalit\u00e9s susmentionn\u00e9es en raison de :<\/p>\n<ol>\n<li style=\"text-align: justify;\">nos int\u00e9r\u00eats l\u00e9gitimes aux fins d\u2019une prestation efficace des services que nous vous fournissons, ou<\/li>\n<li style=\"text-align: justify;\">nos int\u00e9r\u00eats l\u00e9gitimes aux fins d\u2019une prestation op\u00e9rationnelle et conforme des services que nous vous fournissons dans la mesure o\u00f9 ces int\u00e9r\u00eats ne sont pas disproportionn\u00e9s au regard des droits des personnes concern\u00e9es ;<\/li>\n<li style=\"text-align: justify;\">des obligations l\u00e9gales et r\u00e9glementaires auxquelles nous sommes soumis, telles que par exemple, la tenue de registres \u00e0 des fins fiscales ou la fourniture d&#8217;informations \u00e0 un organisme public ou par application des r\u00e8gles de droit applicables<\/li>\n<li style=\"text-align: justify;\">du fait que l&#8217;information est n\u00e9cessaire pour vous fournir nos produits ou services.<\/li>\n<\/ol>\n<p style=\"text-align: justify;\">Dans la mesure o\u00f9 nous traitons des donn\u00e9es personnelles sensibles \u00e0 votre sujet pour l\u2019une ou l\u2019autre des finalit\u00e9s susmentionn\u00e9es, nous effectuerons ce traitement parce que : (i) vous nous avez donn\u00e9 votre consentement explicite pour traiter ces donn\u00e9es; (ii) nous sommes tenus par la loi de respecter les obligations l\u00e9gales qui nous sont impos\u00e9es; (iii) le traitement est n\u00e9cessaire pour l&#8217;\u00e9tablissement, l&#8217;exercice ou la d\u00e9fense de nos droits conform\u00e9ment aux r\u00e8gles l\u00e9gales applicables (iiii) vous avez mis \u00e0 disposition vos donn\u00e9es personnelles dans le domaine public. Lorsque nous sommes l\u00e9galement tenus d&#8217;obtenir votre consentement explicite pour vous fournir une documentation marketing ou commerciale, nous ne vous fournirons cette documentation qu\u2019apr\u00e8s vous avoir pr\u00e9alablement inform\u00e9 de notre intention de vous adresser ce type de documentation au moment de la collecte de vos donn\u00e9es personnelles.<br \/>\nSi vous ne voulez plus recevoir de documentation marketing ou commerciale de notre part, veuillez cliquer sur le lien de d\u00e9sinscription figurant dans le courriel de communication ou envoyer un courriel \u00e0 l\u2019adresse <b><a href=\"mailto:\"><\/a><\/b>.<\/p>\n<h3 style=\"text-align: justify;\">5. \u00c0 qui communiquons-nous vos donn\u00e9es personnelles<\/h3>\n<p style=\"text-align: justify;\">Pour l\u2019une ou l\u2019autre des finalit\u00e9s dont il est fait mention \u00e0 la rubrique \u00ab L\u2019utilisation que nous faisons de vos donn\u00e9es personnelles \u00bb ci-dessus, nous pouvons communiquer des donn\u00e9es personnelles vous concernant \u00e0 nos fournisseurs de produits ou de services ou bien encore aux autorit\u00e9s comp\u00e9tentes (y compris les tribunaux) et plus g\u00e9n\u00e9ralement \u00e0 d&#8217;autres tiers qui pourraient avoir besoin d&#8217;acc\u00e9der aux donn\u00e9es personnelles vous concernant pour une ou plusieurs des op\u00e9rations d\u00e9crites dans la rubrique \u00ab Comment nous utilisons vos donn\u00e9es personnelles \u00bb ci-dessus.<\/p>\n<p style=\"text-align: justify;\">Nous vous informons que certains destinataires de vos donn\u00e9es personnelles mentionn\u00e9s ci-dessus peuvent r\u00e9sider dans un pays autre qu\u2019un Etat Membre de l\u2019Union Europ\u00e9enne ou de l\u2019Espace Economique Europ\u00e9en dont les lois et r\u00e8glements ne fournissent pas le m\u00eame degr\u00e9 de protection \u00e0 l\u2019\u00e9gard des donn\u00e9es. Dans ces situations, nous nous assurerons que les mesures de protection mises en place pour prot\u00e9ger vos donn\u00e9es personnelles sont conformes aux obligations l\u00e9gales en vigueur au sein de l\u2019Union Europ\u00e9enne comme la conclusion d\u2019un contrat de transfert des donn\u00e9es avec le destinataire selon les clauses contractuelles types approuv\u00e9es par la Commission europ\u00e9enne aux fins des transferts des donn\u00e9es personnelles \u00e0 des pays tiers.<\/p>\n<h3 style=\"text-align: justify;\">6. Blogs, forums et autres m\u00e9dias sociaux<\/h3>\n<p style=\"text-align: justify;\">Notre site Web peut h\u00e9berger divers blogs, forums et autres applications ou services de r\u00e9seaux sociaux qui vous permettent de communiquer du contenu \u00e0 d\u2019autres utilisateurs (que nous appelons ci-apr\u00e8s \u00ab m\u00e9dias sociaux \u00bb). Toute donn\u00e9e personnelle ou autre information divulgu\u00e9e par le biais de ces applications peut \u00eatre lue, recueillie et utilis\u00e9e par les utilisateurs de ces m\u00e9dias. Nous ne disposons que de tr\u00e8s peu, voire d&#8217;aucun contr\u00f4le sur ces autres utilisateurs. De fait, nous ne pouvons \u00eatre tenus responsables de l\u2019utilisation, de la mauvaise utilisation ou de l&#8217;appropriation illicite de vos donn\u00e9es personnelles par un autre utilisateur de ces m\u00e9dias.<\/p>\n<h3 style=\"text-align: justify;\">7. La protection de vos donn\u00e9es personnelles<\/h3>\n<p style=\"text-align: justify;\">Nous avons recours \u00e0 un ensemble de mesures techniques et organisationnelles afin de nous assurer que vos donn\u00e9es personnelles sont prot\u00e9g\u00e9es (s\u00e9curit\u00e9 informatique, contr\u00f4le des acc\u00e8s, relations avec les fournisseurs, proc\u00e9dures, etc.) et pour garantir la confidentialit\u00e9 et l\u2019int\u00e9grit\u00e9 et \u00e9viter le vol ou la perte de vos donn\u00e9es personnelles. Ces mesures tiennent compte de l\u2019\u00e9tat des connaissances, des co\u00fbts de mise en \u0153uvre et de la nature, de la port\u00e9e, du contexte et des finalit\u00e9s de traitement ainsi que des risques pour les droits et libert\u00e9s des utilisateurs.<\/p>\n<p style=\"text-align: justify;\">M\u00eame si nous prenons des mesures de s\u00e9curit\u00e9 appropri\u00e9es au moment de la collecte de vos donn\u00e9es personnelles, la transmission de donn\u00e9es par Internet (y compris par courriel) n\u2019est jamais compl\u00e8tement s\u00e9curis\u00e9e.<\/p>\n<h3 style=\"text-align: justify;\">8. La dur\u00e9e de conservation de vos donn\u00e9es personnelles<\/h3>\n<p style=\"text-align: justify;\">Nous conserverons vos donn\u00e9es personnelles dans nos syst\u00e8mes pendant la plus longue des dur\u00e9es suivantes : (i) aussi longtemps que n\u00e9cessaire pour les op\u00e9rations et les finalit\u00e9s de traitement concern\u00e9es, (ii) pendant les dur\u00e9es de conservation, d\u2019archivage et de prescription autoris\u00e9es par la loi, (iii) la fin de la dur\u00e9e de prescription applicable \u00e0 la suite d\u2019un litige ou d\u2019une enqu\u00eate \u00e0 l\u2019\u00e9gard de l\u2019une de nos offres ou propositions, ou de l\u2019un de nos services. Ainsi, par exemple, les donn\u00e9es relatives aux prospects sont conserv\u00e9es pendant une dur\u00e9e de 3 ans \u00e0 compter du dernier contact \u00e9manant du prospect.<\/p>\n<h3 style=\"text-align: justify;\">9. Vos droits<\/h3>\n<p style=\"text-align: justify;\">Vous avez divers droits relativement \u00e0 vos donn\u00e9es personnelles, notamment les suivants :<\/p>\n<ul style=\"text-align: justify;\">\n<li>Obtenir la confirmation que nous traitons vos donn\u00e9es personnelles et obtenir une copie des donn\u00e9es personnelles que nous conservons vous concernant.<\/li>\n<li>Nous demander de mettre \u00e0 jour vos donn\u00e9es personnelles d\u00e9tenues ou de corriger des donn\u00e9es personnelles erron\u00e9es ou incompl\u00e8tes.<\/li>\n<li>Nous demander de supprimer les donn\u00e9es personnelles que nous conservons vous concernant, ou de limiter l\u2019utilisation que nous en faisons.<\/li>\n<li>Retirer votre consentement nous autorisant \u00e0 traiter vos donn\u00e9es personnelles (dans la mesure o\u00f9 ce traitement est assujetti \u00e0 un consentement).<\/li>\n<li>Dans la mesure prescrite par la loi ou un r\u00e8glement applicable, recevoir une copie des donn\u00e9es personnelles que vous nous avez transmises, sous une forme structur\u00e9e, couramment utilis\u00e9e et lisible par une machine et en vue de les transmettre \u00e0 une autre partie (dans la mesure o\u00f9 ce traitement est assujetti \u00e0 un consentement ou un contrat).<\/li>\n<li>Vous opposer au traitement de vos donn\u00e9es personnelles.<\/li>\n<\/ul>\n<p style=\"text-align: justify;\">Pour exercer vos droits, ou si vous avez des questions concernant notre utilisation de vos donn\u00e9es personnelles, vous pouvez contacter <strong><\/strong> (Data Protection Officer) \u00e0 l\u2019adresse suivante : <b><a href=\"mailto:\"><\/a><\/b>.<\/p>\n<h3 style=\"text-align: justify;\">10. Votre droit de porter plainte<\/h3>\n<p style=\"text-align: justify;\">En cas d\u2019insatisfaction relative \u00e0 la mani\u00e8re dont nous avons trait\u00e9 vos donn\u00e9es personnelles ou pour toute question ou requ\u00eate soulev\u00e9e aupr\u00e8s de nos services qui serait rest\u00e9e infructueuse, vous \u00eates en droit d\u2019introduire une r\u00e9clamation aupr\u00e8s de l\u2019Autorit\u00e9 de protection des donn\u00e9es :<\/p>\n<p style=\"text-align: justify;\">Adresse postale :<br \/>\nRue de la presse 35, 1000 Bruxelles<br \/>\nT\u00e9l : +32 (0)2 274 48 00<\/p>\n<h3 style=\"text-align: justify;\">11. Les modifications de la pr\u00e9sente politique de protection des donn\u00e9es personnelles<\/h3>\n<p style=\"text-align: justify;\">Nous pouvons modifier cette politique de confidentialit\u00e9 de temps \u00e0 autre (en raison notamment de l\u2019\u00e9volution l\u00e9gislative et\/ou r\u00e8glementaire).<br \/>\nSi nous y apportons des changements, nous modifierons la date de r\u00e9vision au haut de la page. La version modifi\u00e9e sera applicable \u00e0 compter de cette date. Ainsi, nous vous encourageons \u00e0 consulter r\u00e9guli\u00e8rement cette politique afin de vous tenir inform\u00e9(e) de la mani\u00e8re dont nous prot\u00e9geons vos donn\u00e9es personnelles.<\/p>\n<p>[\/et_pb_text][\/et_pb_column][\/et_pb_row][\/et_pb_section]<\/p>\n","protected":false},"excerpt":{"rendered":"<p>Bruxelles, le 14 ao\u00fbt 2023 La pr\u00e9sente politique de confidentialit\u00e9 d\u00e9finit nos mesures concernant les informations que nous recueillons \u00e0 votre sujet directement ou indirectement (ci-apr\u00e8s les \u00ab donn\u00e9es personnelles \u00bb), l\u2019utilisation que nous en faisons et \u00e0 qui nous les communiquons. Elle d\u00e9finit \u00e9galement vos droits \u00e0 l\u2019\u00e9gard de vos donn\u00e9es personnelles et vous [&hellip;]<\/p>\n","protected":false},"author":1,"featured_media":0,"parent":0,"menu_order":0,"comment_status":"closed","ping_status":"closed","template":"","meta":{"_acf_changed":false,"_et_pb_use_builder":"on","_et_pb_old_content":"","_et_gb_content_width":"","inline_featured_image":false,"footnotes":""},"class_list":["post-548","page","type-page","status-publish","hentry"],"acf":[],"_links":{"self":[{"href":"https:\/\/biodiversity-alliance.be\/nl\/wp-json\/wp\/v2\/pages\/548","targetHints":{"allow":["GET"]}}],"collection":[{"href":"https:\/\/biodiversity-alliance.be\/nl\/wp-json\/wp\/v2\/pages"}],"about":[{"href":"https:\/\/biodiversity-alliance.be\/nl\/wp-json\/wp\/v2\/types\/page"}],"author":[{"embeddable":true,"href":"https:\/\/biodiversity-alliance.be\/nl\/wp-json\/wp\/v2\/users\/1"}],"replies":[{"embeddable":true,"href":"https:\/\/biodiversity-alliance.be\/nl\/wp-json\/wp\/v2\/comments?post=548"}],"version-history":[{"count":6,"href":"https:\/\/biodiversity-alliance.be\/nl\/wp-json\/wp\/v2\/pages\/548\/revisions"}],"predecessor-version":[{"id":1566,"href":"https:\/\/biodiversity-alliance.be\/nl\/wp-json\/wp\/v2\/pages\/548\/revisions\/1566"}],"wp:attachment":[{"href":"https:\/\/biodiversity-alliance.be\/nl\/wp-json\/wp\/v2\/media?parent=548"}],"curies":[{"name":"wp","href":"https:\/\/api.w.org\/{rel}","templated":true}]}}