{"id":3,"date":"2023-07-29T13:05:31","date_gmt":"2023-07-29T11:05:31","guid":{"rendered":"https:\/\/biodiversity-alliance.be\/?page_id=3"},"modified":"2025-02-03T19:24:16","modified_gmt":"2025-02-03T18:24:16","slug":"privacy-policy","status":"publish","type":"page","link":"https:\/\/biodiversity-alliance.be\/fr\/privacy-policy\/","title":{"rendered":"Privacy Policy"},"content":{"rendered":"<p>[et_pb_section fb_built=&#8221;1&#8243; admin_label=&#8221;Section&#8221; _builder_version=&#8221;4.24.1&#8243; _module_preset=&#8221;default&#8221; use_background_color_gradient=&#8221;on&#8221; background_color_gradient_stops=&#8221;rgba(0,0,0,0.5) 0%|rgba(0,0,0,0.1) 100%&#8221; background_color_gradient_overlays_image=&#8221;on&#8221; background_image=&#8221;https:\/\/biodiversity-alliance.be\/wp-content\/uploads\/2023\/08\/banner-accueil.jpg&#8221; min_height=&#8221;33vh&#8221; border_color_top=&#8221;#2BB228&#8243; border_width_bottom=&#8221;3px&#8221; border_color_bottom=&#8221;#005866&#8243; locked=&#8221;off&#8221; global_colors_info=&#8221;{}&#8221;][et_pb_row _builder_version=&#8221;4.21.0&#8243; _module_preset=&#8221;default&#8221; max_height=&#8221;25vh&#8221; custom_margin=&#8221;10vh||||false|false&#8221; global_colors_info=&#8221;{}&#8221;][et_pb_column type=&#8221;4_4&#8243; _builder_version=&#8221;4.21.0&#8243; _module_preset=&#8221;default&#8221; global_colors_info=&#8221;{}&#8221;][et_pb_text _builder_version=&#8221;4.22.1&#8243; _module_preset=&#8221;default&#8221; text_text_color=&#8221;#FFFFFF&#8221; width=&#8221;50%&#8221; global_colors_info=&#8221;{}&#8221;]<\/p>\n<p>Belgian Biodiversity Alliance<\/p>\n<h1>Privacy policy<\/h1>\n<p>[\/et_pb_text][\/et_pb_column][\/et_pb_row][\/et_pb_section][et_pb_section fb_built=&#8221;1&#8243; admin_label=&#8221;section&#8221; _builder_version=&#8221;4.24.1&#8243; background_enable_image=&#8221;off&#8221; background_position=&#8221;top_right&#8221; background_blend=&#8221;exclusion&#8221; custom_margin=&#8221;||||true&#8221; custom_padding=&#8221;100px||100px||true|false&#8221; top_divider_style=&#8221;mountains2&#8243; top_divider_color=&#8221;rgba(0,160,159,0.1)&#8221; global_colors_info=&#8221;{}&#8221;][et_pb_row admin_label=&#8221;row&#8221; _builder_version=&#8221;4.16&#8243; background_size=&#8221;initial&#8221; background_position=&#8221;top_left&#8221; background_repeat=&#8221;repeat&#8221; global_colors_info=&#8221;{}&#8221;][et_pb_column type=&#8221;4_4&#8243; _builder_version=&#8221;4.16&#8243; custom_padding=&#8221;|||&#8221; global_colors_info=&#8221;{}&#8221; custom_padding__hover=&#8221;|||&#8221;][et_pb_text admin_label=&#8221;Text&#8221; _builder_version=&#8221;4.25.1&#8243; header_text_color=&#8221;#005866&#8243; background_size=&#8221;initial&#8221; background_position=&#8221;top_left&#8221; background_repeat=&#8221;repeat&#8221; text_orientation=&#8221;justified&#8221; hover_enabled=&#8221;0&#8243; global_colors_info=&#8221;{}&#8221; sticky_enabled=&#8221;0&#8243;]<\/p>\n<p>The following information concerns the protection of your personal data. This is data that allows you to be identified directly or indirectly, for example, your first name, last name, email address and IP address.<\/p>\n<p>Data is collected when you:<\/p>\n<ul>\n<li>visit the page <a href=\"https:\/\/biodiversityalliance.be\" target=\"_blank\" rel=\"noopener\">https:\/\/biodiversity-alliance.be<\/a>. When a link takes you to another portal, a site, an online application or a social network, you must refer to the conditions for processing personal data of these services;<\/li>\n<li>contact us;<\/li>\n<li>complete online surveys that we make available;<\/li>\n<li>use our tools or enter data into them.<\/li>\n<\/ul>\n<p>Your personal data is protected in accordance with European Regulation 2016\/679 of the European Parliament and of the Council of 27 April 2016 (which came into force on 25 May 2018) on the protection of natural persons with regard to the processing of personal data and on the free movement of such data (GDPR);<\/p>\n<h3>1)\u00a0Legal bases and purposes of processing<\/h3>\n<p>23 MAY 2001. \u2013 Royal Decree establishing the Federal Public Service for Public Health, Food Chain Safety and the Environment. Personal data is collected and processed in order to:<\/p>\n<ul>\n<li>inform you;<\/li>\n<li>answer your questions;<\/li>\n<li>invite you to participate in surveys or events.<\/li>\n<\/ul>\n<p>Data is also collected and processed anonymously:<\/p>\n<ul>\n<li>for statistical and qualitative purposes, with a view to improving our services;<\/li>\n<li>to respond to you in your language.<\/li>\n<\/ul>\n<p>If your request for information or service falls within the jurisdiction of another administration, we will give you their contact details and you will then be free to choose whether or not to contact them.<\/p>\n<h3>2) Processed data<\/h3>\n<p>Personal data is collected and processed automatically in the situations listed below.<\/p>\n<ul>\n<li>You are viewing one or more pages. Personal data collected and processed: IP address.<\/li>\n<li>You contact us via an electronic form or by e-mail. Personal data collected and processed: name, first name, email address, language preference, company\/organization that you enter.<\/li>\n<li>Email exchanges via the contact form and messaging. Personal data collected and processed: metadata linked or not to your email.<\/li>\n<li>You complete an online survey or enter data into an online tool. Personal data collected and processed: name, first name, email address, language preference, company\/organization, telephone numbers, data that you enter such as your expertise, the services you offer or the actions you describe.<\/li>\n<\/ul>\n<p>Other personal data that may be processed are included in the data processing register. Data that is not personal is also collected automatically without making a link to your IP address, therefore respecting your anonymity. They are used to establish statistics and to improve the content:<\/p>\n<ul>\n<li>choice of language;<\/li>\n<li>search engine used;<\/li>\n<li>keywords used;<\/li>\n<li>site through which you arrived;<\/li>\n<li>pages viewed; duration of consultation per page;<\/li>\n<li>list of downloaded files;<\/li>\n<li>date and time of access;<\/li>\n<li>browser used;<\/li>\n<li>platform and\/or operating system installed on your computer;<\/li>\n<li>\u2026<\/li>\n<\/ul>\n<h3>3) Use of cookies<\/h3>\n<p>Browsing the site <a href=\"https:\/\/biodiversity-alliance.be\">https:\/\/biodiversity-alliance.be<\/a> may result in the installation of cookie(s) on your computer. A cookie is a small file that records information relating to a computer&#8217;s navigation on a site. The data thus obtained is intended to facilitate subsequent navigation on the site, and is also intended to allow various measurements of attendance. More precisely, three types of cookies can be used:<\/p>\n<ul>\n<li>Agreed cookies that record the user&#8217;s response when asked whether they accept cookies from this site.<\/li>\n<li>Google Analytics cookies (_ga, _gat, _gid): they allow the use of the site to be tracked anonymously (the data collected includes the IP address, date and time of access to the service, pages that may have been viewed over a certain period of time, other technical data such as the browser, the operating system installed on your computer, the search engine and the keywords used to find the service site, etc.). This data will only be processed to know the number of users of the different sections of the services and to improve the content of the services. Google is required to comply with the GDPR. You can consult Google\u2019s privacy policy: <a href=\"https:\/\/support.google.com\/analytics\/answer\/6004245\" target=\"_blank\" rel=\"noopener\">https:\/\/support.google.com\/analytics\/answer\/6004245<\/a><\/li>\n<li>Cookies from other third parties: In order to improve your visit to our website, we also use services from partners specializing in social media, advertising and analysis. For example, we integrate content sharing buttons for <a href=\"https:\/\/www.facebook.com\/policies\/cookies\/\" target=\"_blank\" rel=\"noopener\">Facebook<\/a>,<span>\u00a0<\/span><a href=\"https:\/\/help.twitter.com\/fr\/rules-and-policies\/twitter-cookies\" target=\"_blank\" rel=\"noopener\">Twitter<\/a>,<span>\u00a0<\/span><a href=\"https:\/\/policies.google.com\/technologies\/product-privacy?hl=fr\" target=\"_blank\" rel=\"noopener\">YouTube<\/a>,<span>\u00a0<\/span><a href=\"https:\/\/www.linkedin.com\/legal\/cookie-policy\" target=\"_blank\" rel=\"noopener\">LinkedIn<\/a><span> and<\/span><span>\u00a0<\/span><a href=\"https:\/\/www.instagram.com\/legal\/cookies\/\" target=\"_blank\" rel=\"noopener\">Instagram<\/a>, as well as the <a href=\"https:\/\/www.facebook.com\/policy\/cookies\/printable\" target=\"_blank\" rel=\"noopener\">Facebook Pixel<\/a><span> <\/span>service and others (click on the links to consult their privacy policies). These third parties may use cookies to record certain data, or for example to help us analyze the clicks made by visitors. These partners are required to comply with the GDPR.<\/li>\n<\/ul>\n<p>Refusing to install a cookie may result in the inability to access certain services. The user can however configure his computer as follows, to refuse the installation of cookies:<\/p>\n<ul>\n<li>In Internet Explorer: tools tab (pictogram in the shape of a cog in the top right) \/ internet options. Click on Confidentiality, then on Advanced and choose Block all cookies. Validate by clicking Ok.<\/li>\n<li>In Firefox: click on the menu pictogram (symbolized by three horizontal lines) in the top right of the browser and choose Options. Click on Privacy. Disable cookies.<\/li>\n<li>In Safari: click on the menu pictogram (symbolized by a cog) in the top right of the browser. Select Settings. Click on Show advanced settings. In the \u201cConfidentiality\u201d section, click on Content settings. In the \u201cCookies\u201d section, you can block cookies.<\/li>\n<li>In Chrome: click on the menu pictogram (symbolized by three horizontal lines or three vertical dots) in the top right of the browser. Select Advanced, then Content and then Cookies.<\/li>\n<\/ul>\n<h4>STORAGE PERIOD<\/h4>\n<p>The storage period for cookies:<\/p>\n<ul>\n<li>your IP address is a maximum of 2 years (for more information, you can consult Google&#8217;s privacy rules:\u00a0<a href=\"https:\/\/support.google.com\/analytics\/answer\/6004245);\" target=\"_blank\" rel=\"noopener\">https:\/\/support.google.com\/analytics\/answer\/6004245);<\/a><\/li>\n<li>agreed cookies is 100 days;<\/li>\n<li>Google Analytics cookies is two years;<\/li>\n<li>cookies from other third parties is a maximum of 2 years;<\/li>\n<li>exchanges via the contact form and email is 2 years.<\/li>\n<\/ul>\n<p>In exceptional cases, such as legal proceedings, your personal data may be stored for longer.<\/p>\n<h3>4) Storage period<\/h3>\n<p>The storage period for:<\/p>\n<ul>\n<li>your IP address is 12 months;<\/li>\n<li>cookies is 13 months;<\/li>\n<li>exchanges via the contact form and email is 5 years.<\/li>\n<li>data entered in surveys or online tools is 5 years.<\/li>\n<\/ul>\n<p>In exceptional cases, such as legal proceedings, your personal data may be retained for longer.<\/p>\n<h3>5) Security<\/h3>\n<p>The FPS Public Health, Food Chain Safety and Environment guarantees the security (integrity and confidentiality) of your personal data. They are protected in particular against unauthorized access, illegitimate use, loss and unauthorized modifications.<\/p>\n<p>To do this, we use security techniques and procedures that we do not detail on this page for security reasons.<\/p>\n<p>However, please be aware that on the physical, technical and organizational levels, appropriate measures are taken to guarantee a level of security adapted to the risks.<\/p>\n<h3>6) Right of access, rectification, opposition and erasure<\/h3>\n<p>You have rights regarding the personal data we use: access, rectification, opposition and erasure.<\/p>\n<p>Your request will be processed within 30 calendar days. If it is complex or our services are faced with a large number of requests, this period will be extended by 60 days.<\/p>\n<p>To exercise your rights, send an email or a letter to our data protection officer, accompanied by a copy of your identity document bearing your signature: <a href=\"mailto:dpo@health.fgov.be\">dpo@health.fgov.be<\/a>.<\/p>\n<p>Federal Public Service Public Health, Food Chain Safety and Environment<\/p>\n<p>Galilee Avenue, 5\/2\u00a0<\/p>\n<p>1210 Brussels<\/p>\n<h3>7) Complaints<\/h3>\n<p>If you consider that the FPS Public Health, Food Chain Safety and Environment has not processed your personal data in accordance with the regulations in force, you have the right to lodge a complaint with the Data Protection Authority:<\/p>\n<p>Data Protection Authority<\/p>\n<p>Rue de la Presse 35<\/p>\n<p>1000 Brussels<\/p>\n<p>E-mail:<span>\u00a0<\/span><a href=\"mailto:contact@apd-gba.be\" class=\"mailto\">contact@apd-gba.be<\/a><\/p>\n<h3>8) Contact<\/h3>\n<p>For any request for information concerning our data protection policy, contact our data protection officer: <a href=\"mailto:dpo@health.fgov.be\" class=\"mailto\">dpo@health.fgov.be<\/a><\/p>\n<p>_____________________________________________________________________________<\/p>\n<p><a id=\"footer\" name=\"footer\"><\/a>[1] In accordance with the tasks defined by Royal Decree of 23 May 2001 establishing the Federal Public Service Public Health, Food Chain Safety and Environment.<\/p>\n<p>[\/et_pb_text][\/et_pb_column][\/et_pb_row][\/et_pb_section]<\/p>\n","protected":false},"excerpt":{"rendered":"<p>Belgian Biodiversity Alliance Privacy policyThe following information concerns the protection of your personal data. This is data that allows you to be identified directly or indirectly, for example, your first name, last name, email address and IP address. Data is collected when you: visit the page https:\/\/biodiversity-alliance.be. When a link takes you to another portal, [&hellip;]<\/p>\n","protected":false},"author":1,"featured_media":0,"parent":0,"menu_order":0,"comment_status":"closed","ping_status":"closed","template":"","meta":{"_acf_changed":false,"_et_pb_use_builder":"on","_et_pb_old_content":"<!-- wp:heading -->\n<h2 class=\"wp-block-heading\">Qui sommes-nous&nbsp;?<\/h2>\n<!-- \/wp:heading -->\n\n<!-- wp:paragraph -->\n<p><strong class=\"privacy-policy-tutorial\">Texte sugg\u00e9r\u00e9&nbsp;: <\/strong>L\u2019adresse de notre site Web est&nbsp;: https:\/\/biodiversity-alliance.be.<\/p>\n<!-- \/wp:paragraph -->\n\n<!-- wp:heading -->\n<h2 class=\"wp-block-heading\">Commentaires<\/h2>\n<!-- \/wp:heading -->\n\n<!-- wp:paragraph -->\n<p><strong class=\"privacy-policy-tutorial\">Texte sugg\u00e9r\u00e9&nbsp;: <\/strong>Quand vous laissez un commentaire sur notre site web, les donn\u00e9es inscrites dans le formulaire de commentaire, mais aussi votre adresse IP et l\u2019agent utilisateur de votre navigateur sont collect\u00e9s pour nous aider \u00e0 la d\u00e9tection des commentaires ind\u00e9sirables.<\/p>\n<!-- \/wp:paragraph -->\n\n<!-- wp:paragraph -->\n<p>Une cha\u00eene anonymis\u00e9e cr\u00e9\u00e9e \u00e0 partir de votre adresse de messagerie (\u00e9galement appel\u00e9e hash) peut \u00eatre envoy\u00e9e au service Gravatar pour v\u00e9rifier si vous utilisez ce dernier. Les clauses de confidentialit\u00e9 du service Gravatar sont disponibles ici&nbsp;: https:\/\/automattic.com\/privacy\/. Apr\u00e8s validation de votre commentaire, votre photo de profil sera visible publiquement \u00e0 cot\u00e9 de votre commentaire.<\/p>\n<!-- \/wp:paragraph -->\n\n<!-- wp:heading -->\n<h2 class=\"wp-block-heading\">M\u00e9dias<\/h2>\n<!-- \/wp:heading -->\n\n<!-- wp:paragraph -->\n<p><strong class=\"privacy-policy-tutorial\">Texte sugg\u00e9r\u00e9&nbsp;: <\/strong>Si vous \u00eates un utilisateur ou une utilisatrice enregistr\u00e9\u00b7e et que vous t\u00e9l\u00e9versez des images sur le site web, nous vous conseillons d\u2019\u00e9viter de t\u00e9l\u00e9verser des images contenant des donn\u00e9es EXIF de coordonn\u00e9es GPS. Les visiteurs de votre site web peuvent t\u00e9l\u00e9charger et extraire des donn\u00e9es de localisation depuis ces images.<\/p>\n<!-- \/wp:paragraph -->\n\n<!-- wp:heading -->\n<h2 class=\"wp-block-heading\">Cookies<\/h2>\n<!-- \/wp:heading -->\n\n<!-- wp:paragraph -->\n<p><strong class=\"privacy-policy-tutorial\">Texte sugg\u00e9r\u00e9&nbsp;: <\/strong>Si vous d\u00e9posez un commentaire sur notre site, il vous sera propos\u00e9 d\u2019enregistrer votre nom, adresse de messagerie et site web dans des cookies. C\u2019est uniquement pour votre confort afin de ne pas avoir \u00e0 saisir ces informations si vous d\u00e9posez un autre commentaire plus tard. Ces cookies expirent au bout d\u2019un an.<\/p>\n<!-- \/wp:paragraph -->\n\n<!-- wp:paragraph -->\n<p>Si vous vous rendez sur la page de connexion, un cookie temporaire sera cr\u00e9\u00e9 afin de d\u00e9terminer si votre navigateur accepte les cookies. Il ne contient pas de donn\u00e9es personnelles et sera supprim\u00e9 automatiquement \u00e0 la fermeture de votre navigateur.<\/p>\n<!-- \/wp:paragraph -->\n\n<!-- wp:paragraph -->\n<p>Lorsque vous vous connecterez, nous mettrons en place un certain nombre de cookies pour enregistrer vos informations de connexion et vos pr\u00e9f\u00e9rences d\u2019\u00e9cran. La dur\u00e9e de vie d\u2019un cookie de connexion est de deux jours, celle d\u2019un cookie d\u2019option d\u2019\u00e9cran est d\u2019un an. Si vous cochez \u00ab&nbsp;Se souvenir de moi&nbsp;\u00bb, votre cookie de connexion sera conserv\u00e9 pendant deux semaines. Si vous vous d\u00e9connectez de votre compte, le cookie de connexion sera effac\u00e9.<\/p>\n<!-- \/wp:paragraph -->\n\n<!-- wp:paragraph -->\n<p>En modifiant ou en publiant une publication, un cookie suppl\u00e9mentaire sera enregistr\u00e9 dans votre navigateur. Ce cookie ne comprend aucune donn\u00e9e personnelle. Il indique simplement l\u2019ID de la publication que vous venez de modifier. Il expire au bout d\u2019un jour.<\/p>\n<!-- \/wp:paragraph -->\n\n<!-- wp:heading -->\n<h2 class=\"wp-block-heading\">Contenu embarqu\u00e9 depuis d\u2019autres sites<\/h2>\n<!-- \/wp:heading -->\n\n<!-- wp:paragraph -->\n<p><strong class=\"privacy-policy-tutorial\">Texte sugg\u00e9r\u00e9&nbsp;: <\/strong>Les articles de ce site peuvent inclure des contenus int\u00e9gr\u00e9s (par exemple des vid\u00e9os, images, articles\u2026). Le contenu int\u00e9gr\u00e9 depuis d\u2019autres sites se comporte de la m\u00eame mani\u00e8re que si le visiteur se rendait sur cet autre site.<\/p>\n<!-- \/wp:paragraph -->\n\n<!-- wp:paragraph -->\n<p>Ces sites web pourraient collecter des donn\u00e9es sur vous, utiliser des cookies, embarquer des outils de suivis tiers, suivre vos interactions avec ces contenus embarqu\u00e9s si vous disposez d\u2019un compte connect\u00e9 sur leur site web.<\/p>\n<!-- \/wp:paragraph -->\n\n<!-- wp:heading -->\n<h2 class=\"wp-block-heading\">Utilisation et transmission de vos donn\u00e9es personnelles<\/h2>\n<!-- \/wp:heading -->\n\n<!-- wp:paragraph -->\n<p><strong class=\"privacy-policy-tutorial\">Texte sugg\u00e9r\u00e9&nbsp;: <\/strong>Si vous demandez une r\u00e9initialisation de votre mot de passe, votre adresse IP sera incluse dans l\u2019e-mail de r\u00e9initialisation.<\/p>\n<!-- \/wp:paragraph -->\n\n<!-- wp:heading -->\n<h2 class=\"wp-block-heading\">Dur\u00e9es de stockage de vos donn\u00e9es<\/h2>\n<!-- \/wp:heading -->\n\n<!-- wp:paragraph -->\n<p><strong class=\"privacy-policy-tutorial\">Texte sugg\u00e9r\u00e9&nbsp;: <\/strong>Si vous laissez un commentaire, le commentaire et ses m\u00e9tadonn\u00e9es sont conserv\u00e9s ind\u00e9finiment. Cela permet de reconna\u00eetre et approuver automatiquement les commentaires suivants au lieu de les laisser dans la file de mod\u00e9ration.<\/p>\n<!-- \/wp:paragraph -->\n\n<!-- wp:paragraph -->\n<p>Pour les utilisateurs et utilisatrices qui s\u2019enregistrent sur notre site (si cela est possible), nous stockons \u00e9galement les donn\u00e9es personnelles indiqu\u00e9es dans leur profil. Tous les utilisateurs et utilisatrices peuvent voir, modifier ou supprimer leurs informations personnelles \u00e0 tout moment (\u00e0 l\u2019exception de leur nom d\u2019utilisateur\u00b7ice). Les gestionnaires du site peuvent aussi voir et modifier ces informations.<\/p>\n<!-- \/wp:paragraph -->\n\n<!-- wp:heading -->\n<h2 class=\"wp-block-heading\">Les droits que vous avez sur vos donn\u00e9es<\/h2>\n<!-- \/wp:heading -->\n\n<!-- wp:paragraph -->\n<p><strong class=\"privacy-policy-tutorial\">Texte sugg\u00e9r\u00e9&nbsp;: <\/strong>Si vous avez un compte ou si vous avez laiss\u00e9 des commentaires sur le site, vous pouvez demander \u00e0 recevoir un fichier contenant toutes les donn\u00e9es personnelles que nous poss\u00e9dons \u00e0 votre sujet, incluant celles que vous nous avez fournies. Vous pouvez \u00e9galement demander la suppression des donn\u00e9es personnelles vous concernant. Cela ne prend pas en compte les donn\u00e9es stock\u00e9es \u00e0 des fins administratives, l\u00e9gales ou pour des raisons de s\u00e9curit\u00e9.<\/p>\n<!-- \/wp:paragraph -->\n\n<!-- wp:heading -->\n<h2 class=\"wp-block-heading\">Where your data is sent<\/h2>\n<!-- \/wp:heading -->\n\n<!-- wp:paragraph -->\n<p><strong class=\"privacy-policy-tutorial\">Texte sugg\u00e9r\u00e9&nbsp;: <\/strong>Les commentaires des visiteurs peuvent \u00eatre v\u00e9rifi\u00e9s \u00e0 l\u2019aide d\u2019un service automatis\u00e9 de d\u00e9tection des commentaires ind\u00e9sirables.<\/p>\n<!-- \/wp:paragraph -->","_et_gb_content_width":"1080","inline_featured_image":false,"footnotes":""},"class_list":["post-3","page","type-page","status-publish","hentry"],"acf":[],"_links":{"self":[{"href":"https:\/\/biodiversity-alliance.be\/fr\/wp-json\/wp\/v2\/pages\/3","targetHints":{"allow":["GET"]}}],"collection":[{"href":"https:\/\/biodiversity-alliance.be\/fr\/wp-json\/wp\/v2\/pages"}],"about":[{"href":"https:\/\/biodiversity-alliance.be\/fr\/wp-json\/wp\/v2\/types\/page"}],"author":[{"embeddable":true,"href":"https:\/\/biodiversity-alliance.be\/fr\/wp-json\/wp\/v2\/users\/1"}],"replies":[{"embeddable":true,"href":"https:\/\/biodiversity-alliance.be\/fr\/wp-json\/wp\/v2\/comments?post=3"}],"version-history":[{"count":11,"href":"https:\/\/biodiversity-alliance.be\/fr\/wp-json\/wp\/v2\/pages\/3\/revisions"}],"predecessor-version":[{"id":1691,"href":"https:\/\/biodiversity-alliance.be\/fr\/wp-json\/wp\/v2\/pages\/3\/revisions\/1691"}],"wp:attachment":[{"href":"https:\/\/biodiversity-alliance.be\/fr\/wp-json\/wp\/v2\/media?parent=3"}],"curies":[{"name":"wp","href":"https:\/\/api.w.org\/{rel}","templated":true}]}}